{"id":126,"date":"2014-01-12T11:49:46","date_gmt":"2014-01-12T11:49:46","guid":{"rendered":"https:\/\/magazine-economie.fr\/?page_id=126"},"modified":"2019-06-21T11:52:12","modified_gmt":"2019-06-21T11:52:12","slug":"qui-sommes-nous","status":"publish","type":"page","link":"https:\/\/magazine-economie.fr\/conso\/qui-sommes-nous","title":{"rendered":"Qui sommes-nous ?"},"content":{"rendered":"<div id=\"ez-toc-container\" class=\"ez-toc-v2_0_83 counter-hierarchy ez-toc-counter ez-toc-white ez-toc-container-direction\">\n<p class=\"ez-toc-title\" style=\"cursor:inherit\">Voir le sommaire :<\/p>\n<label for=\"ez-toc-cssicon-toggle-item-6a092bbf93e30\" class=\"ez-toc-cssicon-toggle-label\"><span class=\"\"><span class=\"eztoc-hide\" style=\"display:none;\">Toggle<\/span><span class=\"ez-toc-icon-toggle-span\"><svg style=\"fill: #999;color:#999\" xmlns=\"http:\/\/www.w3.org\/2000\/svg\" class=\"list-377408\" width=\"20px\" height=\"20px\" viewBox=\"0 0 24 24\" fill=\"none\"><path d=\"M6 6H4v2h2V6zm14 0H8v2h12V6zM4 11h2v2H4v-2zm16 0H8v2h12v-2zM4 16h2v2H4v-2zm16 0H8v2h12v-2z\" fill=\"currentColor\"><\/path><\/svg><svg style=\"fill: #999;color:#999\" class=\"arrow-unsorted-368013\" xmlns=\"http:\/\/www.w3.org\/2000\/svg\" width=\"10px\" height=\"10px\" viewBox=\"0 0 24 24\" version=\"1.2\" baseProfile=\"tiny\"><path d=\"M18.2 9.3l-6.2-6.3-6.2 6.3c-.2.2-.3.4-.3.7s.1.5.3.7c.2.2.4.3.7.3h11c.3 0 .5-.1.7-.3.2-.2.3-.5.3-.7s-.1-.5-.3-.7zM5.8 14.7l6.2 6.3 6.2-6.3c.2-.2.3-.5.3-.7s-.1-.5-.3-.7c-.2-.2-.4-.3-.7-.3h-11c-.3 0-.5.1-.7.3-.2.2-.3.5-.3.7s.1.5.3.7z\"\/><\/svg><\/span><\/span><\/label><input type=\"checkbox\"  id=\"ez-toc-cssicon-toggle-item-6a092bbf93e30\" checked aria-label=\"Toggle\" \/><nav><ul class='ez-toc-list ez-toc-list-level-1 ' ><li class='ez-toc-page-1 ez-toc-heading-level-4'><a class=\"ez-toc-link ez-toc-heading-1\" href=\"https:\/\/magazine-economie.fr\/conso\/qui-sommes-nous\/#redacteur_en_chef\" >R\u00e9dacteur en chef<\/a><ul class='ez-toc-list-level-5' ><li class='ez-toc-heading-level-5'><a class=\"ez-toc-link ez-toc-heading-2\" href=\"https:\/\/magazine-economie.fr\/conso\/qui-sommes-nous\/#emmanuel\" >Emmanuel<\/a><\/li><\/ul><\/li><li class='ez-toc-page-1 ez-toc-heading-level-4'><a class=\"ez-toc-link ez-toc-heading-3\" href=\"https:\/\/magazine-economie.fr\/conso\/qui-sommes-nous\/#redacteur_en_chef_adjoint\" >R\u00e9dacteur en chef adjoint<\/a><ul class='ez-toc-list-level-5' ><li class='ez-toc-heading-level-5'><a class=\"ez-toc-link ez-toc-heading-4\" href=\"https:\/\/magazine-economie.fr\/conso\/qui-sommes-nous\/#francois\" >Fran\u00e7ois<\/a><\/li><\/ul><\/li><li class='ez-toc-page-1 ez-toc-heading-level-4'><a class=\"ez-toc-link ez-toc-heading-5\" href=\"https:\/\/magazine-economie.fr\/conso\/qui-sommes-nous\/#redacteur\" >R\u00e9dacteur<\/a><ul class='ez-toc-list-level-5' ><li class='ez-toc-heading-level-5'><a class=\"ez-toc-link ez-toc-heading-6\" href=\"https:\/\/magazine-economie.fr\/conso\/qui-sommes-nous\/#mickael\" >Mickael<\/a><\/li><\/ul><\/li><li class='ez-toc-page-1 ez-toc-heading-level-4'><a class=\"ez-toc-link ez-toc-heading-7\" href=\"https:\/\/magazine-economie.fr\/conso\/qui-sommes-nous\/#redactrice\" >R\u00e9dactrice<\/a><ul class='ez-toc-list-level-5' ><li class='ez-toc-heading-level-5'><a class=\"ez-toc-link ez-toc-heading-8\" href=\"https:\/\/magazine-economie.fr\/conso\/qui-sommes-nous\/#julie\" >Julie<\/a><\/li><\/ul><\/li><li class='ez-toc-page-1 ez-toc-heading-level-4'><a class=\"ez-toc-link ez-toc-heading-9\" href=\"https:\/\/magazine-economie.fr\/conso\/qui-sommes-nous\/#redactrice-2\" >R\u00e9dactrice<\/a><ul class='ez-toc-list-level-5' ><li class='ez-toc-heading-level-5'><a class=\"ez-toc-link ez-toc-heading-10\" href=\"https:\/\/magazine-economie.fr\/conso\/qui-sommes-nous\/#murielle\" >Murielle<\/a><\/li><\/ul><\/li><\/ul><\/nav><\/div>\n<p>Magazine-economie.fr est g\u00e9r\u00e9 par une \u00e9quipe de passionn\u00e9s de l\u2019\u00e9conomie. Nous proposons des actualit\u00e9s sur le monde \u00e9conomique fran\u00e7ais, europ\u00e9ens mais \u00e9galement sur le monde de la banque, le monde boursier et le monde de la finance en g\u00e9n\u00e9ral. Nous ciblons particuli\u00e8rement les personnes souhaitant des informations simples, claires et compr\u00e9hensibles par tous.<\/p>\n<p>Nous faisons en sorte de faciliter au mieux votre navigation afin de de ne pas perdre du temps \u00e0 chercher les informations qui vous int\u00e9ressent, ainsi, les articles sont class\u00e9s par cat\u00e9gories que vous trouverez en haut du site, et visible sur toutes les pages.<\/p>\n<p><strong>Petit tour d\u2019horizon de l\u2019\u00e9quipe du site :<\/strong><\/p>\n<h4><span class=\"ez-toc-section\" id=\"redacteur_en_chef\"><\/span>R\u00e9dacteur en chef<span class=\"ez-toc-section-end\"><\/span><\/h4>\n<div class=\"author-wrap2\"><img decoding=\"async\" class=\"avatar avatar-90 wp-user-avatar wp-user-avatar-90 photo alignleft\" src=\"https:\/\/magazine-economie.fr\/conso\/wp-content\/uploads\/2019\/06\/emmanuel.jpg\" alt=\"emmanuel\" width=\"90\" height=\"90\" \/><\/p>\n<h5><span class=\"ez-toc-section\" id=\"emmanuel\"><\/span>Emmanuel<span class=\"ez-toc-section-end\"><\/span><\/h5>\n<p>Emmanuel est le r\u00e9dacteur en chef de magazine-economie.fr, passionn\u00e9 des march\u00e9s financiers, il propose de mani\u00e8re ponctuelles des actualit\u00e9s li\u00e9es aux march\u00e9s financiers. Il est \u00e9galement chef d\u2019entreprise dans le domaine de l\u2019internet en r\u00e9gion Rh\u00f4ne-Alpes.<\/p>\n<\/div>\n<h4><span class=\"ez-toc-section\" id=\"redacteur_en_chef_adjoint\"><\/span>R\u00e9dacteur en chef adjoint<span class=\"ez-toc-section-end\"><\/span><\/h4>\n<div class=\"author-wrap2\"><img decoding=\"async\" class=\"avatar avatar-90 wp-user-avatar wp-user-avatar-90 photo alignleft\" src=\"https:\/\/magazine-economie.fr\/conso\/wp-content\/uploads\/2019\/06\/francois.jpg\" alt=\"francois\" width=\"90\" height=\"90\" \/><\/p>\n<h5><span class=\"ez-toc-section\" id=\"francois\"><\/span>Fran\u00e7ois<span class=\"ez-toc-section-end\"><\/span><\/h5>\n<p>Fran\u00e7ois poss\u00e8de un master en Sciences Politiques de l\u2019universit\u00e9 de Lyon 3. Ce jeune chef d\u2019entreprise de 31 ans nous \u00e9claire sur l\u2019activit\u00e9 \u00e9conomique de la France. Son expertise qu\u2019il met \u00e0 disposition ici est d\u2019une tr\u00e8s grande valeur.<\/p>\n<\/div>\n<h4><span class=\"ez-toc-section\" id=\"redacteur\"><\/span>R\u00e9dacteur<span class=\"ez-toc-section-end\"><\/span><\/h4>\n<div class=\"author-wrap2\"><img decoding=\"async\" class=\"avatar avatar-90 wp-user-avatar wp-user-avatar-90 photo alignleft\" src=\"https:\/\/magazine-economie.fr\/conso\/wp-content\/uploads\/2019\/06\/mickael.jpg\" alt=\"Mickael\" width=\"90\" height=\"90\" \/><\/p>\n<h5><span class=\"ez-toc-section\" id=\"mickael\"><\/span>Mickael<span class=\"ez-toc-section-end\"><\/span><\/h5>\n<p>Sp\u00e9cialis\u00e9 dans le digital, Mickael poss\u00e8de un master en gestion des entreprises de l\u2019universit\u00e9 de Strabourg. Passionn\u00e9 des nouvelles technologies, il apporte son expertise dans ce milieu qui passionne de plus en plus de monde.<\/p>\n<\/div>\n<h4><span class=\"ez-toc-section\" id=\"redactrice\"><\/span>R\u00e9dactrice<span class=\"ez-toc-section-end\"><\/span><\/h4>\n<div class=\"author-wrap2\"><img decoding=\"async\" class=\"avatar avatar-90 wp-user-avatar wp-user-avatar-90 photo alignleft\" src=\"https:\/\/magazine-economie.fr\/conso\/wp-content\/uploads\/2019\/06\/julie.jpg\" alt=\"julie\" width=\"90\" height=\"90\" \/><\/p>\n<h5><span class=\"ez-toc-section\" id=\"julie\"><\/span>Julie<span class=\"ez-toc-section-end\"><\/span><\/h5>\n<p>Julie est \u00e9tudiante \u00e0 l\u2019universit\u00e9 d\u2019Aix-en-Provence, dans le domaine bancaire. Actuellement en stage de fin d\u2019\u00e9tude pour une c\u00e9l\u00e8bre banque fran\u00e7aise, elle a d\u00e9cid\u00e9 de rejoindre magazine-economie.fr pour proposer des actualit\u00e9s li\u00e9es au monde bancaire.<\/p>\n<\/div>\n<h4><span class=\"ez-toc-section\" id=\"redactrice-2\"><\/span>R\u00e9dactrice<span class=\"ez-toc-section-end\"><\/span><\/h4>\n<div class=\"author-wrap2\"><img decoding=\"async\" class=\"avatar avatar-90 wp-user-avatar wp-user-avatar-90 photo alignleft\" src=\"https:\/\/magazine-economie.fr\/conso\/wp-content\/uploads\/2019\/06\/murielle.jpg\" alt=\"murielle\" width=\"90\" height=\"90\" \/><\/p>\n<h5><span class=\"ez-toc-section\" id=\"murielle\"><\/span>Murielle<span class=\"ez-toc-section-end\"><\/span><\/h5>\n<p>Murielle est une fran\u00e7aise expatri\u00e9e en Allemagne pour raisons professionnelles. Elle travaille indirectement aupr\u00e8s de la banque centrale europ\u00e9enne \u00e0 travers diverses missions de son employeur. Murielle propose sur magazine-economie.fr, des actualit\u00e9s li\u00e9es \u00e0 l\u2019\u00e9conomie europ\u00e9enne.<\/p>\n<\/div>\n","protected":false},"excerpt":{"rendered":"<p>Magazine-economie.fr est g\u00e9r\u00e9 par une \u00e9quipe de passionn\u00e9s de l\u2019\u00e9conomie. Nous proposons des actualit\u00e9s sur le monde \u00e9conomique fran\u00e7ais, europ\u00e9ens mais \u00e9galement sur le monde de la banque, le monde boursier et le monde de la finance en g\u00e9n\u00e9ral. Nous ciblons particuli\u00e8rement les personnes souhaitant des informations simples, claires et compr\u00e9hensibles par tous. Nous faisons [&hellip;] <a class=\"g1-link g1-link-more\" href=\"https:\/\/magazine-economie.fr\/conso\/qui-sommes-nous\">+ Plus<\/a><\/p>\n","protected":false},"author":5,"featured_media":0,"parent":0,"menu_order":0,"comment_status":"closed","ping_status":"closed","template":"","meta":{"footnotes":""},"class_list":["post-126","page","type-page","status-publish"],"yoast_head":"<!-- This site is optimized with the Yoast SEO plugin v27.6 - https:\/\/yoast.com\/product\/yoast-seo-wordpress\/ -->\n<title>Qui sommes-nous ? - Conso Mag. Eco.<\/title>\n<meta name=\"robots\" content=\"index, follow, max-snippet:-1, max-image-preview:large, max-video-preview:-1\" \/>\n<link rel=\"canonical\" href=\"https:\/\/magazine-economie.fr\/conso\/qui-sommes-nous\" \/>\n<meta property=\"og:locale\" content=\"fr_FR\" \/>\n<meta property=\"og:type\" content=\"article\" \/>\n<meta property=\"og:title\" content=\"Qui sommes-nous ? - Conso Mag. Eco.\" \/>\n<meta property=\"og:description\" content=\"Magazine-economie.fr est g\u00e9r\u00e9 par une \u00e9quipe de passionn\u00e9s de l\u2019\u00e9conomie. Nous proposons des actualit\u00e9s sur le monde \u00e9conomique fran\u00e7ais, europ\u00e9ens mais \u00e9galement sur le monde de la banque, le monde boursier et le monde de la finance en g\u00e9n\u00e9ral. Nous ciblons particuli\u00e8rement les personnes souhaitant des informations simples, claires et compr\u00e9hensibles par tous. Nous faisons [&hellip;] + Plus\" \/>\n<meta property=\"og:url\" content=\"https:\/\/magazine-economie.fr\/conso\/qui-sommes-nous\" \/>\n<meta property=\"og:site_name\" content=\"Conso Mag. Eco.\" \/>\n<meta property=\"article:modified_time\" content=\"2019-06-21T11:52:12+00:00\" \/>\n<meta property=\"og:image\" content=\"https:\/\/magazine-economie.fr\/conso\/wp-content\/uploads\/2019\/06\/emmanuel.jpg\" \/>\n<meta name=\"twitter:card\" content=\"summary_large_image\" \/>\n<meta name=\"twitter:label1\" content=\"Dur\u00e9e de lecture estim\u00e9e\" \/>\n\t<meta name=\"twitter:data1\" content=\"2 minutes\" \/>\n<script type=\"application\/ld+json\" class=\"yoast-schema-graph\">{\"@context\":\"https:\\\/\\\/schema.org\",\"@graph\":[{\"@type\":\"WebPage\",\"@id\":\"https:\\\/\\\/magazine-economie.fr\\\/conso\\\/qui-sommes-nous\",\"url\":\"https:\\\/\\\/magazine-economie.fr\\\/conso\\\/qui-sommes-nous\",\"name\":\"Qui sommes-nous ? - Conso Mag. Eco.\",\"isPartOf\":{\"@id\":\"https:\\\/\\\/magazine-economie.fr\\\/conso\\\/#website\"},\"primaryImageOfPage\":{\"@id\":\"https:\\\/\\\/magazine-economie.fr\\\/conso\\\/qui-sommes-nous#primaryimage\"},\"image\":{\"@id\":\"https:\\\/\\\/magazine-economie.fr\\\/conso\\\/qui-sommes-nous#primaryimage\"},\"thumbnailUrl\":\"https:\\\/\\\/magazine-economie.fr\\\/conso\\\/wp-content\\\/uploads\\\/2019\\\/06\\\/emmanuel.jpg\",\"datePublished\":\"2014-01-12T11:49:46+00:00\",\"dateModified\":\"2019-06-21T11:52:12+00:00\",\"breadcrumb\":{\"@id\":\"https:\\\/\\\/magazine-economie.fr\\\/conso\\\/qui-sommes-nous#breadcrumb\"},\"inLanguage\":\"fr-FR\",\"potentialAction\":[{\"@type\":\"ReadAction\",\"target\":[\"https:\\\/\\\/magazine-economie.fr\\\/conso\\\/qui-sommes-nous\"]}]},{\"@type\":\"ImageObject\",\"inLanguage\":\"fr-FR\",\"@id\":\"https:\\\/\\\/magazine-economie.fr\\\/conso\\\/qui-sommes-nous#primaryimage\",\"url\":\"https:\\\/\\\/magazine-economie.fr\\\/conso\\\/wp-content\\\/uploads\\\/2019\\\/06\\\/emmanuel.jpg\",\"contentUrl\":\"https:\\\/\\\/magazine-economie.fr\\\/conso\\\/wp-content\\\/uploads\\\/2019\\\/06\\\/emmanuel.jpg\",\"width\":150,\"height\":150},{\"@type\":\"BreadcrumbList\",\"@id\":\"https:\\\/\\\/magazine-economie.fr\\\/conso\\\/qui-sommes-nous#breadcrumb\",\"itemListElement\":[{\"@type\":\"ListItem\",\"position\":1,\"name\":\"Magazine Economie\",\"item\":\"https:\\\/\\\/magazine-economie.fr\\\/conso\"},{\"@type\":\"ListItem\",\"position\":2,\"name\":\"Qui sommes-nous ?\"}]},{\"@type\":\"WebSite\",\"@id\":\"https:\\\/\\\/magazine-economie.fr\\\/conso\\\/#website\",\"url\":\"https:\\\/\\\/magazine-economie.fr\\\/conso\\\/\",\"name\":\"Conso Mag. Eco.\",\"description\":\"Pouvoir d&#039;achat et consommation\",\"publisher\":{\"@id\":\"https:\\\/\\\/magazine-economie.fr\\\/conso\\\/#organization\"},\"potentialAction\":[{\"@type\":\"SearchAction\",\"target\":{\"@type\":\"EntryPoint\",\"urlTemplate\":\"https:\\\/\\\/magazine-economie.fr\\\/conso\\\/?s={search_term_string}\"},\"query-input\":{\"@type\":\"PropertyValueSpecification\",\"valueRequired\":true,\"valueName\":\"search_term_string\"}}],\"inLanguage\":\"fr-FR\"},{\"@type\":\"Organization\",\"@id\":\"https:\\\/\\\/magazine-economie.fr\\\/conso\\\/#organization\",\"name\":\"magazine economie\",\"alternateName\":\"magazine de l'economie\",\"url\":\"https:\\\/\\\/magazine-economie.fr\\\/conso\\\/\",\"logo\":{\"@type\":\"ImageObject\",\"inLanguage\":\"fr-FR\",\"@id\":\"https:\\\/\\\/magazine-economie.fr\\\/conso\\\/#\\\/schema\\\/logo\\\/image\\\/\",\"url\":\"https:\\\/\\\/magazine-economie.fr\\\/conso\\\/wp-content\\\/uploads\\\/2021\\\/07\\\/magazine-economie-scaled-500.png\",\"contentUrl\":\"https:\\\/\\\/magazine-economie.fr\\\/conso\\\/wp-content\\\/uploads\\\/2021\\\/07\\\/magazine-economie-scaled-500.png\",\"width\":500,\"height\":160,\"caption\":\"magazine economie\"},\"image\":{\"@id\":\"https:\\\/\\\/magazine-economie.fr\\\/conso\\\/#\\\/schema\\\/logo\\\/image\\\/\"}}]}<\/script>\n<!-- \/ Yoast SEO plugin. -->","yoast_head_json":{"title":"Qui sommes-nous ? - Conso Mag. Eco.","robots":{"index":"index","follow":"follow","max-snippet":"max-snippet:-1","max-image-preview":"max-image-preview:large","max-video-preview":"max-video-preview:-1"},"canonical":"https:\/\/magazine-economie.fr\/conso\/qui-sommes-nous","og_locale":"fr_FR","og_type":"article","og_title":"Qui sommes-nous ? - Conso Mag. Eco.","og_description":"Magazine-economie.fr est g\u00e9r\u00e9 par une \u00e9quipe de passionn\u00e9s de l\u2019\u00e9conomie. Nous proposons des actualit\u00e9s sur le monde \u00e9conomique fran\u00e7ais, europ\u00e9ens mais \u00e9galement sur le monde de la banque, le monde boursier et le monde de la finance en g\u00e9n\u00e9ral. Nous ciblons particuli\u00e8rement les personnes souhaitant des informations simples, claires et compr\u00e9hensibles par tous. Nous faisons [&hellip;] + Plus","og_url":"https:\/\/magazine-economie.fr\/conso\/qui-sommes-nous","og_site_name":"Conso Mag. Eco.","article_modified_time":"2019-06-21T11:52:12+00:00","og_image":[{"url":"https:\/\/magazine-economie.fr\/conso\/wp-content\/uploads\/2019\/06\/emmanuel.jpg","type":"","width":"","height":""}],"twitter_card":"summary_large_image","twitter_misc":{"Dur\u00e9e de lecture estim\u00e9e":"2 minutes"},"schema":{"@context":"https:\/\/schema.org","@graph":[{"@type":"WebPage","@id":"https:\/\/magazine-economie.fr\/conso\/qui-sommes-nous","url":"https:\/\/magazine-economie.fr\/conso\/qui-sommes-nous","name":"Qui sommes-nous ? - Conso Mag. Eco.","isPartOf":{"@id":"https:\/\/magazine-economie.fr\/conso\/#website"},"primaryImageOfPage":{"@id":"https:\/\/magazine-economie.fr\/conso\/qui-sommes-nous#primaryimage"},"image":{"@id":"https:\/\/magazine-economie.fr\/conso\/qui-sommes-nous#primaryimage"},"thumbnailUrl":"https:\/\/magazine-economie.fr\/conso\/wp-content\/uploads\/2019\/06\/emmanuel.jpg","datePublished":"2014-01-12T11:49:46+00:00","dateModified":"2019-06-21T11:52:12+00:00","breadcrumb":{"@id":"https:\/\/magazine-economie.fr\/conso\/qui-sommes-nous#breadcrumb"},"inLanguage":"fr-FR","potentialAction":[{"@type":"ReadAction","target":["https:\/\/magazine-economie.fr\/conso\/qui-sommes-nous"]}]},{"@type":"ImageObject","inLanguage":"fr-FR","@id":"https:\/\/magazine-economie.fr\/conso\/qui-sommes-nous#primaryimage","url":"https:\/\/magazine-economie.fr\/conso\/wp-content\/uploads\/2019\/06\/emmanuel.jpg","contentUrl":"https:\/\/magazine-economie.fr\/conso\/wp-content\/uploads\/2019\/06\/emmanuel.jpg","width":150,"height":150},{"@type":"BreadcrumbList","@id":"https:\/\/magazine-economie.fr\/conso\/qui-sommes-nous#breadcrumb","itemListElement":[{"@type":"ListItem","position":1,"name":"Magazine Economie","item":"https:\/\/magazine-economie.fr\/conso"},{"@type":"ListItem","position":2,"name":"Qui sommes-nous ?"}]},{"@type":"WebSite","@id":"https:\/\/magazine-economie.fr\/conso\/#website","url":"https:\/\/magazine-economie.fr\/conso\/","name":"Conso Mag. Eco.","description":"Pouvoir d&#039;achat et consommation","publisher":{"@id":"https:\/\/magazine-economie.fr\/conso\/#organization"},"potentialAction":[{"@type":"SearchAction","target":{"@type":"EntryPoint","urlTemplate":"https:\/\/magazine-economie.fr\/conso\/?s={search_term_string}"},"query-input":{"@type":"PropertyValueSpecification","valueRequired":true,"valueName":"search_term_string"}}],"inLanguage":"fr-FR"},{"@type":"Organization","@id":"https:\/\/magazine-economie.fr\/conso\/#organization","name":"magazine economie","alternateName":"magazine de l'economie","url":"https:\/\/magazine-economie.fr\/conso\/","logo":{"@type":"ImageObject","inLanguage":"fr-FR","@id":"https:\/\/magazine-economie.fr\/conso\/#\/schema\/logo\/image\/","url":"https:\/\/magazine-economie.fr\/conso\/wp-content\/uploads\/2021\/07\/magazine-economie-scaled-500.png","contentUrl":"https:\/\/magazine-economie.fr\/conso\/wp-content\/uploads\/2021\/07\/magazine-economie-scaled-500.png","width":500,"height":160,"caption":"magazine economie"},"image":{"@id":"https:\/\/magazine-economie.fr\/conso\/#\/schema\/logo\/image\/"}}]}},"_links":{"self":[{"href":"https:\/\/magazine-economie.fr\/conso\/wp-json\/wp\/v2\/pages\/126","targetHints":{"allow":["GET"]}}],"collection":[{"href":"https:\/\/magazine-economie.fr\/conso\/wp-json\/wp\/v2\/pages"}],"about":[{"href":"https:\/\/magazine-economie.fr\/conso\/wp-json\/wp\/v2\/types\/page"}],"author":[{"embeddable":true,"href":"https:\/\/magazine-economie.fr\/conso\/wp-json\/wp\/v2\/users\/5"}],"replies":[{"embeddable":true,"href":"https:\/\/magazine-economie.fr\/conso\/wp-json\/wp\/v2\/comments?post=126"}],"version-history":[{"count":0,"href":"https:\/\/magazine-economie.fr\/conso\/wp-json\/wp\/v2\/pages\/126\/revisions"}],"wp:attachment":[{"href":"https:\/\/magazine-economie.fr\/conso\/wp-json\/wp\/v2\/media?parent=126"}],"curies":[{"name":"wp","href":"https:\/\/api.w.org\/{rel}","templated":true}]}}